{"id":1691,"date":"2015-04-13T15:04:20","date_gmt":"2015-04-13T15:04:20","guid":{"rendered":"https:\/\/les2villas.fr\/hotel-et-services\/"},"modified":"2025-01-10T09:54:35","modified_gmt":"2025-01-10T09:54:35","slug":"services","status":"publish","type":"page","link":"https:\/\/hotel-facealamer.fr\/en\/services\/","title":{"rendered":"Services"},"content":{"rendered":"","protected":false},"excerpt":{"rendered":"","protected":false},"author":1,"featured_media":0,"parent":0,"menu_order":0,"comment_status":"open","ping_status":"open","template":"page-templates\/tpl-page.php","meta":[],"acf":[],"yoast_head":"<!-- This site is optimized with the Yoast SEO plugin v21.1 - https:\/\/yoast.com\/wordpress\/plugins\/seo\/ -->\n<title>Services - H\u00f4tel Face \u00e0 la mer \u00e0 Merville-Franceville-Plage<\/title>\n<meta name=\"robots\" content=\"index, follow, max-snippet:-1, max-image-preview:large, max-video-preview:-1\" \/>\n<link rel=\"canonical\" href=\"https:\/\/hotel-facealamer.fr\/services\/\" \/>\n<meta property=\"og:locale\" content=\"fr_FR\" \/>\n<meta property=\"og:type\" content=\"article\" \/>\n<meta property=\"og:title\" content=\"Services - H\u00f4tel Face \u00e0 la mer \u00e0 Merville-Franceville-Plage\" \/>\n<meta property=\"og:url\" content=\"https:\/\/hotel-facealamer.fr\/en\/services\/\" \/>\n<meta property=\"og:site_name\" content=\"H\u00f4tel Face \u00e0 la mer \u00e0 Merville-Franceville-Plage\" \/>\n<meta property=\"article:modified_time\" content=\"2025-01-10T09:54:35+00:00\" \/>\n<meta name=\"twitter:card\" content=\"summary_large_image\" \/>\n<script type=\"application\/ld+json\" class=\"yoast-schema-graph\">{\"@context\":\"https:\/\/schema.org\",\"@graph\":[{\"@type\":\"WebPage\",\"@id\":\"https:\/\/hotel-facealamer.fr\/en\/services\/\",\"url\":\"https:\/\/hotel-facealamer.fr\/en\/services\/\",\"name\":\"Services - H\u00f4tel Face \u00e0 la mer \u00e0 Merville-Franceville-Plage\",\"isPartOf\":{\"@id\":\"https:\/\/hotel-facealamer.fr\/#website\"},\"datePublished\":\"2015-04-13T15:04:20+00:00\",\"dateModified\":\"2025-01-10T09:54:35+00:00\",\"breadcrumb\":{\"@id\":\"https:\/\/hotel-facealamer.fr\/en\/services\/#breadcrumb\"},\"inLanguage\":\"fr-FR\",\"potentialAction\":[{\"@type\":\"ReadAction\",\"target\":[\"https:\/\/hotel-facealamer.fr\/en\/services\/\"]}]},{\"@type\":\"BreadcrumbList\",\"@id\":\"https:\/\/hotel-facealamer.fr\/en\/services\/#breadcrumb\",\"itemListElement\":[{\"@type\":\"ListItem\",\"position\":1,\"name\":\"Accueil\",\"item\":\"https:\/\/hotel-facealamer.fr\/\"},{\"@type\":\"ListItem\",\"position\":2,\"name\":\"Services\"}]},{\"@type\":\"WebSite\",\"@id\":\"https:\/\/hotel-facealamer.fr\/#website\",\"url\":\"https:\/\/hotel-facealamer.fr\/\",\"name\":\"H\u00f4tel Face \u00e0 la mer \u00e0 Merville-Franceville-Plage\",\"description\":\"H\u00f4tel \u00e0 Merville-Franceville-Plage\",\"potentialAction\":[{\"@type\":\"SearchAction\",\"target\":{\"@type\":\"EntryPoint\",\"urlTemplate\":\"https:\/\/hotel-facealamer.fr\/?s={search_term_string}\"},\"query-input\":\"required name=search_term_string\"}],\"inLanguage\":\"fr-FR\"}]}<\/script>\n<!-- \/ Yoast SEO plugin. -->","yoast_head_json":{"title":"Services - H\u00f4tel Face \u00e0 la mer \u00e0 Merville-Franceville-Plage","robots":{"index":"index","follow":"follow","max-snippet":"max-snippet:-1","max-image-preview":"max-image-preview:large","max-video-preview":"max-video-preview:-1"},"canonical":"https:\/\/hotel-facealamer.fr\/services\/","og_locale":"fr_FR","og_type":"article","og_title":"Services - H\u00f4tel Face \u00e0 la mer \u00e0 Merville-Franceville-Plage","og_url":"https:\/\/hotel-facealamer.fr\/en\/services\/","og_site_name":"H\u00f4tel Face \u00e0 la mer \u00e0 Merville-Franceville-Plage","article_modified_time":"2025-01-10T09:54:35+00:00","twitter_card":"summary_large_image","schema":{"@context":"https:\/\/schema.org","@graph":[{"@type":"WebPage","@id":"https:\/\/hotel-facealamer.fr\/en\/services\/","url":"https:\/\/hotel-facealamer.fr\/en\/services\/","name":"Services - H\u00f4tel Face \u00e0 la mer \u00e0 Merville-Franceville-Plage","isPartOf":{"@id":"https:\/\/hotel-facealamer.fr\/#website"},"datePublished":"2015-04-13T15:04:20+00:00","dateModified":"2025-01-10T09:54:35+00:00","breadcrumb":{"@id":"https:\/\/hotel-facealamer.fr\/en\/services\/#breadcrumb"},"inLanguage":"fr-FR","potentialAction":[{"@type":"ReadAction","target":["https:\/\/hotel-facealamer.fr\/en\/services\/"]}]},{"@type":"BreadcrumbList","@id":"https:\/\/hotel-facealamer.fr\/en\/services\/#breadcrumb","itemListElement":[{"@type":"ListItem","position":1,"name":"Accueil","item":"https:\/\/hotel-facealamer.fr\/"},{"@type":"ListItem","position":2,"name":"Services"}]},{"@type":"WebSite","@id":"https:\/\/hotel-facealamer.fr\/#website","url":"https:\/\/hotel-facealamer.fr\/","name":"H\u00f4tel Face \u00e0 la mer \u00e0 Merville-Franceville-Plage","description":"H\u00f4tel \u00e0 Merville-Franceville-Plage","potentialAction":[{"@type":"SearchAction","target":{"@type":"EntryPoint","urlTemplate":"https:\/\/hotel-facealamer.fr\/?s={search_term_string}"},"query-input":"required name=search_term_string"}],"inLanguage":"fr-FR"}]}},"_links":{"self":[{"href":"https:\/\/hotel-facealamer.fr\/en\/wp-json\/wp\/v2\/pages\/1691\/"}],"collection":[{"href":"https:\/\/hotel-facealamer.fr\/en\/wp-json\/wp\/v2\/pages\/"}],"about":[{"href":"https:\/\/hotel-facealamer.fr\/en\/wp-json\/wp\/v2\/types\/page\/"}],"author":[{"embeddable":true,"href":"https:\/\/hotel-facealamer.fr\/en\/wp-json\/wp\/v2\/users\/1\/"}],"replies":[{"embeddable":true,"href":"https:\/\/hotel-facealamer.fr\/en\/wp-json\/wp\/v2\/comments\/?post=1691"}],"version-history":[{"count":23,"href":"https:\/\/hotel-facealamer.fr\/en\/wp-json\/wp\/v2\/pages\/1691\/revisions\/"}],"predecessor-version":[{"id":2948,"href":"https:\/\/hotel-facealamer.fr\/en\/wp-json\/wp\/v2\/pages\/1691\/revisions\/2948\/"}],"wp:attachment":[{"href":"https:\/\/hotel-facealamer.fr\/en\/wp-json\/wp\/v2\/media\/?parent=1691"}],"curies":[{"name":"wp","href":"https:\/\/api.w.org\/{rel}","templated":true}]}}