{"id":1712,"date":"2015-04-13T15:04:58","date_gmt":"2015-04-13T15:04:58","guid":{"rendered":"https:\/\/les2villas.fr\/contact-acces\/"},"modified":"2022-06-29T15:49:50","modified_gmt":"2022-06-29T15:49:50","slug":"contact-access","status":"publish","type":"page","link":"https:\/\/hotel-facealamer.fr\/en\/contact-access\/","title":{"rendered":"Contact &#038; access"},"content":{"rendered":"<h4><i class=\" fa fa-cab \" style=\"\"><\/i> Coming in car<\/h4>\n<p>When you get to the town&rsquo;s main street (Avenue de Paris), take the direction of the beach and shops, then turn left when you reach the seafront. The hotel is 50m further.<\/p>\n<p>You can park in the large parking next to the hotel or on a nearby street; parking is free throughout the entire town!<\/p>\n<p>Nevertheless, you can book a private parking space for a fee of 9\u20ac \/night (not protected outdoor parking, located in the back of the hotel. Access through a hallway under a porch: maximum height of 2.15m \/6.5ft).<\/p>\n<p>We only have a few private parking spaces; if you would like to book one of them, you can reach out to us or specify it on your reservation!<\/p>\n<hr \/>\n<h4><i class=\" fa fa-bus \" style=\"\"><\/i> Coming in train<\/h4>\n<p>The train station of CAEN is located 30 minutes away by bus or taxi<\/p>\n<p>During summer, you can also come through the train station of DIVE-SUR-MER which is located 8 km away.<\/p>\n<hr \/>\n<h4><i class=\" fa fa-fighter-jet \" style=\"\"><\/i> Coming in plane<\/h4>\n<p>The airport of CAEN CARPIQUET is located less than 30km away and the DEAUVILLE ST GATIEN airport is less than 40km away.<\/p>\n<p class=\"p2\"><span class=\"s1\"><a href=\"http:\/\/www.caen.aeroport.fr\">www.caen.aeroport.fr<\/a><\/span><\/p>\n<p class=\"p2\"><span class=\"s1\"><a href=\"http:\/\/www.deauville.aeroport.fr\">www.deauville.aeroport.fr<\/a><\/span><\/p>\n<hr \/>\n<h4><i class=\" fa fa-anchor \" style=\"\"><\/i> Coming in Ferry<\/h4>\n<p>The port of OUISTREHAM is located less than 15km away.<\/p>\n<p class=\"p1\"><a href=\"https:\/\/www.brittany-ferries.fr\/\" target=\"_blank\" rel=\"noopener\">www.brittany-ferries.fr\/<\/a><\/p>\n","protected":false},"excerpt":{"rendered":"<p>Coming in car When you get to the town&rsquo;s main street (Avenue de Paris), take the direction of the beach and shops, then turn left when you reach the seafront. The hotel is 50m further. You can park in the large parking next to the hotel or on a nearby street; parking is free throughout [&hellip;]<\/p>\n","protected":false},"author":1,"featured_media":0,"parent":0,"menu_order":0,"comment_status":"open","ping_status":"open","template":"page-templates\/tpl-page-contact.php","meta":[],"acf":[],"yoast_head":"<!-- This site is optimized with the Yoast SEO plugin v21.1 - https:\/\/yoast.com\/wordpress\/plugins\/seo\/ -->\n<title>Contact &amp; access - H\u00f4tel Face \u00e0 la mer \u00e0 Merville-Franceville-Plage<\/title>\n<meta name=\"robots\" content=\"index, follow, max-snippet:-1, max-image-preview:large, max-video-preview:-1\" \/>\n<link rel=\"canonical\" href=\"https:\/\/hotel-facealamer.fr\/contact-access\/\" \/>\n<meta property=\"og:locale\" content=\"fr_FR\" \/>\n<meta property=\"og:type\" content=\"article\" \/>\n<meta property=\"og:title\" content=\"Contact &amp; access - H\u00f4tel Face \u00e0 la mer \u00e0 Merville-Franceville-Plage\" \/>\n<meta property=\"og:description\" content=\"Coming in car When you get to the town&rsquo;s main street (Avenue de Paris), take the direction of the beach and shops, then turn left when you reach the seafront. The hotel is 50m further. You can park in the large parking next to the hotel or on a nearby street; parking is free throughout [&hellip;]\" \/>\n<meta property=\"og:url\" content=\"https:\/\/hotel-facealamer.fr\/en\/contact-access\/\" \/>\n<meta property=\"og:site_name\" content=\"H\u00f4tel Face \u00e0 la mer \u00e0 Merville-Franceville-Plage\" \/>\n<meta property=\"article:modified_time\" content=\"2022-06-29T15:49:50+00:00\" \/>\n<meta name=\"twitter:card\" content=\"summary_large_image\" \/>\n<meta name=\"twitter:label1\" content=\"Dur\u00e9e de lecture estim\u00e9e\" \/>\n\t<meta name=\"twitter:data1\" content=\"2 minutes\" \/>\n<script type=\"application\/ld+json\" class=\"yoast-schema-graph\">{\"@context\":\"https:\/\/schema.org\",\"@graph\":[{\"@type\":\"WebPage\",\"@id\":\"https:\/\/hotel-facealamer.fr\/en\/contact-access\/\",\"url\":\"https:\/\/hotel-facealamer.fr\/en\/contact-access\/\",\"name\":\"Contact & access - H\u00f4tel Face \u00e0 la mer \u00e0 Merville-Franceville-Plage\",\"isPartOf\":{\"@id\":\"https:\/\/hotel-facealamer.fr\/#website\"},\"datePublished\":\"2015-04-13T15:04:58+00:00\",\"dateModified\":\"2022-06-29T15:49:50+00:00\",\"breadcrumb\":{\"@id\":\"https:\/\/hotel-facealamer.fr\/en\/contact-access\/#breadcrumb\"},\"inLanguage\":\"fr-FR\",\"potentialAction\":[{\"@type\":\"ReadAction\",\"target\":[\"https:\/\/hotel-facealamer.fr\/en\/contact-access\/\"]}]},{\"@type\":\"BreadcrumbList\",\"@id\":\"https:\/\/hotel-facealamer.fr\/en\/contact-access\/#breadcrumb\",\"itemListElement\":[{\"@type\":\"ListItem\",\"position\":1,\"name\":\"Accueil\",\"item\":\"https:\/\/hotel-facealamer.fr\/\"},{\"@type\":\"ListItem\",\"position\":2,\"name\":\"Contact &#038; access\"}]},{\"@type\":\"WebSite\",\"@id\":\"https:\/\/hotel-facealamer.fr\/#website\",\"url\":\"https:\/\/hotel-facealamer.fr\/\",\"name\":\"H\u00f4tel Face \u00e0 la mer \u00e0 Merville-Franceville-Plage\",\"description\":\"H\u00f4tel \u00e0 Merville-Franceville-Plage\",\"potentialAction\":[{\"@type\":\"SearchAction\",\"target\":{\"@type\":\"EntryPoint\",\"urlTemplate\":\"https:\/\/hotel-facealamer.fr\/?s={search_term_string}\"},\"query-input\":\"required name=search_term_string\"}],\"inLanguage\":\"fr-FR\"}]}<\/script>\n<!-- \/ Yoast SEO plugin. -->","yoast_head_json":{"title":"Contact & access - H\u00f4tel Face \u00e0 la mer \u00e0 Merville-Franceville-Plage","robots":{"index":"index","follow":"follow","max-snippet":"max-snippet:-1","max-image-preview":"max-image-preview:large","max-video-preview":"max-video-preview:-1"},"canonical":"https:\/\/hotel-facealamer.fr\/contact-access\/","og_locale":"fr_FR","og_type":"article","og_title":"Contact & access - H\u00f4tel Face \u00e0 la mer \u00e0 Merville-Franceville-Plage","og_description":"Coming in car When you get to the town&rsquo;s main street (Avenue de Paris), take the direction of the beach and shops, then turn left when you reach the seafront. The hotel is 50m further. You can park in the large parking next to the hotel or on a nearby street; parking is free throughout [&hellip;]","og_url":"https:\/\/hotel-facealamer.fr\/en\/contact-access\/","og_site_name":"H\u00f4tel Face \u00e0 la mer \u00e0 Merville-Franceville-Plage","article_modified_time":"2022-06-29T15:49:50+00:00","twitter_card":"summary_large_image","twitter_misc":{"Dur\u00e9e de lecture estim\u00e9e":"2 minutes"},"schema":{"@context":"https:\/\/schema.org","@graph":[{"@type":"WebPage","@id":"https:\/\/hotel-facealamer.fr\/en\/contact-access\/","url":"https:\/\/hotel-facealamer.fr\/en\/contact-access\/","name":"Contact & access - H\u00f4tel Face \u00e0 la mer \u00e0 Merville-Franceville-Plage","isPartOf":{"@id":"https:\/\/hotel-facealamer.fr\/#website"},"datePublished":"2015-04-13T15:04:58+00:00","dateModified":"2022-06-29T15:49:50+00:00","breadcrumb":{"@id":"https:\/\/hotel-facealamer.fr\/en\/contact-access\/#breadcrumb"},"inLanguage":"fr-FR","potentialAction":[{"@type":"ReadAction","target":["https:\/\/hotel-facealamer.fr\/en\/contact-access\/"]}]},{"@type":"BreadcrumbList","@id":"https:\/\/hotel-facealamer.fr\/en\/contact-access\/#breadcrumb","itemListElement":[{"@type":"ListItem","position":1,"name":"Accueil","item":"https:\/\/hotel-facealamer.fr\/"},{"@type":"ListItem","position":2,"name":"Contact &#038; access"}]},{"@type":"WebSite","@id":"https:\/\/hotel-facealamer.fr\/#website","url":"https:\/\/hotel-facealamer.fr\/","name":"H\u00f4tel Face \u00e0 la mer \u00e0 Merville-Franceville-Plage","description":"H\u00f4tel \u00e0 Merville-Franceville-Plage","potentialAction":[{"@type":"SearchAction","target":{"@type":"EntryPoint","urlTemplate":"https:\/\/hotel-facealamer.fr\/?s={search_term_string}"},"query-input":"required name=search_term_string"}],"inLanguage":"fr-FR"}]}},"_links":{"self":[{"href":"https:\/\/hotel-facealamer.fr\/en\/wp-json\/wp\/v2\/pages\/1712\/"}],"collection":[{"href":"https:\/\/hotel-facealamer.fr\/en\/wp-json\/wp\/v2\/pages\/"}],"about":[{"href":"https:\/\/hotel-facealamer.fr\/en\/wp-json\/wp\/v2\/types\/page\/"}],"author":[{"embeddable":true,"href":"https:\/\/hotel-facealamer.fr\/en\/wp-json\/wp\/v2\/users\/1\/"}],"replies":[{"embeddable":true,"href":"https:\/\/hotel-facealamer.fr\/en\/wp-json\/wp\/v2\/comments\/?post=1712"}],"version-history":[{"count":14,"href":"https:\/\/hotel-facealamer.fr\/en\/wp-json\/wp\/v2\/pages\/1712\/revisions\/"}],"predecessor-version":[{"id":2812,"href":"https:\/\/hotel-facealamer.fr\/en\/wp-json\/wp\/v2\/pages\/1712\/revisions\/2812\/"}],"wp:attachment":[{"href":"https:\/\/hotel-facealamer.fr\/en\/wp-json\/wp\/v2\/media\/?parent=1712"}],"curies":[{"name":"wp","href":"https:\/\/api.w.org\/{rel}","templated":true}]}}