{"id":2881,"date":"2023-09-04T08:31:16","date_gmt":"2023-09-04T08:31:16","guid":{"rendered":"https:\/\/hotel-facealamer.fr\/?page_id=2881"},"modified":"2023-09-04T08:32:23","modified_gmt":"2023-09-04T08:32:23","slug":"politique-de-confidentialite-2","status":"publish","type":"page","link":"https:\/\/hotel-facealamer.fr\/en\/politique-de-confidentialite-2\/","title":{"rendered":"Privacy policy"},"content":{"rendered":"","protected":false},"excerpt":{"rendered":"","protected":false},"author":1,"featured_media":0,"parent":0,"menu_order":0,"comment_status":"closed","ping_status":"closed","template":"page-templates\/tpl-page.php","meta":[],"acf":[],"yoast_head":"<!-- This site is optimized with the Yoast SEO plugin v21.1 - https:\/\/yoast.com\/wordpress\/plugins\/seo\/ -->\n<title>Privacy policy - H\u00f4tel Face \u00e0 la mer \u00e0 Merville-Franceville-Plage<\/title>\n<meta name=\"robots\" content=\"index, follow, max-snippet:-1, max-image-preview:large, max-video-preview:-1\" \/>\n<link rel=\"canonical\" href=\"https:\/\/hotel-facealamer.fr\/politique-de-confidentialite-2\/\" \/>\n<meta property=\"og:locale\" content=\"fr_FR\" \/>\n<meta property=\"og:type\" content=\"article\" \/>\n<meta property=\"og:title\" content=\"Privacy policy - H\u00f4tel Face \u00e0 la mer \u00e0 Merville-Franceville-Plage\" \/>\n<meta property=\"og:url\" content=\"https:\/\/hotel-facealamer.fr\/en\/politique-de-confidentialite-2\/\" \/>\n<meta property=\"og:site_name\" content=\"H\u00f4tel Face \u00e0 la mer \u00e0 Merville-Franceville-Plage\" \/>\n<meta property=\"article:modified_time\" content=\"2023-09-04T08:32:23+00:00\" \/>\n<meta name=\"twitter:card\" content=\"summary_large_image\" \/>\n<script type=\"application\/ld+json\" class=\"yoast-schema-graph\">{\"@context\":\"https:\/\/schema.org\",\"@graph\":[{\"@type\":\"WebPage\",\"@id\":\"https:\/\/hotel-facealamer.fr\/en\/politique-de-confidentialite-2\/\",\"url\":\"https:\/\/hotel-facealamer.fr\/en\/politique-de-confidentialite-2\/\",\"name\":\"Privacy policy - H\u00f4tel Face \u00e0 la mer \u00e0 Merville-Franceville-Plage\",\"isPartOf\":{\"@id\":\"https:\/\/hotel-facealamer.fr\/#website\"},\"datePublished\":\"2023-09-04T08:31:16+00:00\",\"dateModified\":\"2023-09-04T08:32:23+00:00\",\"breadcrumb\":{\"@id\":\"https:\/\/hotel-facealamer.fr\/en\/politique-de-confidentialite-2\/#breadcrumb\"},\"inLanguage\":\"fr-FR\",\"potentialAction\":[{\"@type\":\"ReadAction\",\"target\":[\"https:\/\/hotel-facealamer.fr\/en\/politique-de-confidentialite-2\/\"]}]},{\"@type\":\"BreadcrumbList\",\"@id\":\"https:\/\/hotel-facealamer.fr\/en\/politique-de-confidentialite-2\/#breadcrumb\",\"itemListElement\":[{\"@type\":\"ListItem\",\"position\":1,\"name\":\"Accueil\",\"item\":\"https:\/\/hotel-facealamer.fr\/\"},{\"@type\":\"ListItem\",\"position\":2,\"name\":\"Privacy policy\"}]},{\"@type\":\"WebSite\",\"@id\":\"https:\/\/hotel-facealamer.fr\/#website\",\"url\":\"https:\/\/hotel-facealamer.fr\/\",\"name\":\"H\u00f4tel Face \u00e0 la mer \u00e0 Merville-Franceville-Plage\",\"description\":\"H\u00f4tel \u00e0 Merville-Franceville-Plage\",\"potentialAction\":[{\"@type\":\"SearchAction\",\"target\":{\"@type\":\"EntryPoint\",\"urlTemplate\":\"https:\/\/hotel-facealamer.fr\/?s={search_term_string}\"},\"query-input\":\"required name=search_term_string\"}],\"inLanguage\":\"fr-FR\"}]}<\/script>\n<!-- \/ Yoast SEO plugin. -->","yoast_head_json":{"title":"Privacy policy - H\u00f4tel Face \u00e0 la mer \u00e0 Merville-Franceville-Plage","robots":{"index":"index","follow":"follow","max-snippet":"max-snippet:-1","max-image-preview":"max-image-preview:large","max-video-preview":"max-video-preview:-1"},"canonical":"https:\/\/hotel-facealamer.fr\/politique-de-confidentialite-2\/","og_locale":"fr_FR","og_type":"article","og_title":"Privacy policy - H\u00f4tel Face \u00e0 la mer \u00e0 Merville-Franceville-Plage","og_url":"https:\/\/hotel-facealamer.fr\/en\/politique-de-confidentialite-2\/","og_site_name":"H\u00f4tel Face \u00e0 la mer \u00e0 Merville-Franceville-Plage","article_modified_time":"2023-09-04T08:32:23+00:00","twitter_card":"summary_large_image","schema":{"@context":"https:\/\/schema.org","@graph":[{"@type":"WebPage","@id":"https:\/\/hotel-facealamer.fr\/en\/politique-de-confidentialite-2\/","url":"https:\/\/hotel-facealamer.fr\/en\/politique-de-confidentialite-2\/","name":"Privacy policy - H\u00f4tel Face \u00e0 la mer \u00e0 Merville-Franceville-Plage","isPartOf":{"@id":"https:\/\/hotel-facealamer.fr\/#website"},"datePublished":"2023-09-04T08:31:16+00:00","dateModified":"2023-09-04T08:32:23+00:00","breadcrumb":{"@id":"https:\/\/hotel-facealamer.fr\/en\/politique-de-confidentialite-2\/#breadcrumb"},"inLanguage":"fr-FR","potentialAction":[{"@type":"ReadAction","target":["https:\/\/hotel-facealamer.fr\/en\/politique-de-confidentialite-2\/"]}]},{"@type":"BreadcrumbList","@id":"https:\/\/hotel-facealamer.fr\/en\/politique-de-confidentialite-2\/#breadcrumb","itemListElement":[{"@type":"ListItem","position":1,"name":"Accueil","item":"https:\/\/hotel-facealamer.fr\/"},{"@type":"ListItem","position":2,"name":"Privacy policy"}]},{"@type":"WebSite","@id":"https:\/\/hotel-facealamer.fr\/#website","url":"https:\/\/hotel-facealamer.fr\/","name":"H\u00f4tel Face \u00e0 la mer \u00e0 Merville-Franceville-Plage","description":"H\u00f4tel \u00e0 Merville-Franceville-Plage","potentialAction":[{"@type":"SearchAction","target":{"@type":"EntryPoint","urlTemplate":"https:\/\/hotel-facealamer.fr\/?s={search_term_string}"},"query-input":"required name=search_term_string"}],"inLanguage":"fr-FR"}]}},"_links":{"self":[{"href":"https:\/\/hotel-facealamer.fr\/en\/wp-json\/wp\/v2\/pages\/2881\/"}],"collection":[{"href":"https:\/\/hotel-facealamer.fr\/en\/wp-json\/wp\/v2\/pages\/"}],"about":[{"href":"https:\/\/hotel-facealamer.fr\/en\/wp-json\/wp\/v2\/types\/page\/"}],"author":[{"embeddable":true,"href":"https:\/\/hotel-facealamer.fr\/en\/wp-json\/wp\/v2\/users\/1\/"}],"replies":[{"embeddable":true,"href":"https:\/\/hotel-facealamer.fr\/en\/wp-json\/wp\/v2\/comments\/?post=2881"}],"version-history":[{"count":3,"href":"https:\/\/hotel-facealamer.fr\/en\/wp-json\/wp\/v2\/pages\/2881\/revisions\/"}],"predecessor-version":[{"id":2884,"href":"https:\/\/hotel-facealamer.fr\/en\/wp-json\/wp\/v2\/pages\/2881\/revisions\/2884\/"}],"wp:attachment":[{"href":"https:\/\/hotel-facealamer.fr\/en\/wp-json\/wp\/v2\/media\/?parent=2881"}],"curies":[{"name":"wp","href":"https:\/\/api.w.org\/{rel}","templated":true}]}}